{"id":707,"date":"2023-01-24T11:37:23","date_gmt":"2023-01-24T11:37:23","guid":{"rendered":"https:\/\/asdentstudio.com\/termin\/"},"modified":"2026-01-15T17:07:00","modified_gmt":"2026-01-15T17:07:00","slug":"termin","status":"publish","type":"page","link":"https:\/\/asdentstudio.com\/de\/termin\/","title":{"rendered":"Termin"},"content":{"rendered":"\t\t<div data-elementor-type=\"wp-page\" data-elementor-id=\"707\" class=\"elementor elementor-707 elementor-57\">\n\t\t\t\t\t\t<section class=\"elementor-section elementor-top-section elementor-element elementor-element-4f944e15 elementor-section-boxed elementor-section-height-default elementor-section-height-default sc_fly_static\" data-id=\"4f944e15\" data-element_type=\"section\" data-e-type=\"section\">\n\t\t\t\t\t\t<div class=\"elementor-container elementor-column-gap-extended\">\n\t\t\t\t\t<div class=\"elementor-column elementor-col-100 elementor-top-column elementor-element elementor-element-2861daf3 sc_content_align_inherit sc_layouts_column_icons_position_left sc_fly_static\" data-id=\"2861daf3\" data-element_type=\"column\" data-e-type=\"column\">\n\t\t\t<div class=\"elementor-widget-wrap elementor-element-populated\">\n\t\t\t\t\t\t<div class=\"elementor-element elementor-element-8a091c6 sc_height_medium sc_fly_static elementor-widget elementor-widget-spacer\" data-id=\"8a091c6\" data-element_type=\"widget\" data-e-type=\"widget\" data-widget_type=\"spacer.default\">\n\t\t\t\t\t\t\t<div class=\"elementor-spacer\">\n\t\t\t<div class=\"elementor-spacer-inner\"><\/div>\n\t\t<\/div>\n\t\t\t\t\t\t<\/div>\n\t\t\t\t<div class=\"elementor-element elementor-element-6bb918f sc_fly_static elementor-widget elementor-widget-image\" data-id=\"6bb918f\" data-element_type=\"widget\" data-e-type=\"widget\" data-widget_type=\"image.default\">\n\t\t\t\t\t\t\t\t\t\t\t\t\t\t\t<img fetchpriority=\"high\" decoding=\"async\" width=\"1024\" height=\"572\" src=\"https:\/\/asdentstudio.com\/wp-content\/uploads\/2026\/01\/16-1024x572.jpg\" class=\"attachment-large size-large wp-image-706\" alt=\"\" srcset=\"https:\/\/asdentstudio.com\/wp-content\/uploads\/2026\/01\/16-1024x572.jpg 1024w, https:\/\/asdentstudio.com\/wp-content\/uploads\/2026\/01\/16-300x167.jpg 300w, https:\/\/asdentstudio.com\/wp-content\/uploads\/2026\/01\/16-768x429.jpg 768w, https:\/\/asdentstudio.com\/wp-content\/uploads\/2026\/01\/16-1536x857.jpg 1536w, https:\/\/asdentstudio.com\/wp-content\/uploads\/2026\/01\/16-2048x1143.jpg 2048w, https:\/\/asdentstudio.com\/wp-content\/uploads\/2026\/01\/16-370x207.jpg 370w, https:\/\/asdentstudio.com\/wp-content\/uploads\/2026\/01\/16-410x229.jpg 410w, https:\/\/asdentstudio.com\/wp-content\/uploads\/2026\/01\/16-840x469.jpg 840w, https:\/\/asdentstudio.com\/wp-content\/uploads\/2026\/01\/16-600x335.jpg 600w, https:\/\/asdentstudio.com\/wp-content\/uploads\/2026\/01\/16-270x152.jpg 270w\" sizes=\"(max-width: 1024px) 100vw, 1024px\" \/>\t\t\t\t\t\t\t\t\t\t\t\t\t\t\t<\/div>\n\t\t\t\t<div class=\"elementor-element elementor-element-f76b0fe sc_height_medium sc_fly_static elementor-widget elementor-widget-spacer\" data-id=\"f76b0fe\" data-element_type=\"widget\" data-e-type=\"widget\" data-widget_type=\"spacer.default\">\n\t\t\t\t\t\t\t<div class=\"elementor-spacer\">\n\t\t\t<div class=\"elementor-spacer-inner\"><\/div>\n\t\t<\/div>\n\t\t\t\t\t\t<\/div>\n\t\t\t\t<div class=\"elementor-element elementor-element-e9b01e9 sc_height_small sc_fly_static elementor-widget elementor-widget-spacer\" data-id=\"e9b01e9\" data-element_type=\"widget\" data-e-type=\"widget\" data-widget_type=\"spacer.default\">\n\t\t\t\t\t\t\t<div class=\"elementor-spacer\">\n\t\t\t<div class=\"elementor-spacer-inner\"><\/div>\n\t\t<\/div>\n\t\t\t\t\t\t<\/div>\n\t\t\t\t<div class=\"elementor-element elementor-element-cf1e9cc sc_fly_static elementor-widget elementor-widget-text-editor\" data-id=\"cf1e9cc\" data-element_type=\"widget\" data-e-type=\"widget\" data-widget_type=\"text-editor.default\">\n\t\t\t\t\t\t\t\t\t<div class=\"elementor-element elementor-element-e335abd sc_fly_static elementor-widget elementor-widget-heading trx_addons_parallax_layers_inited trx_addons_parallax_blocks_inited\" data-id=\"e335abd\" data-element_type=\"widget\" data-widget_type=\"heading.default\"><h2 class=\"elementor-heading-title elementor-size-default\" style=\"text-align: center;\"><span style=\"color: #800080;\">Buchen Sie Ihren Termin<\/span><\/h2><\/div><div class=\"elementor-element elementor-element-e9b01e9 sc_height_small sc_fly_static elementor-widget elementor-widget-spacer trx_addons_parallax_layers_inited trx_addons_parallax_blocks_inited\" style=\"text-align: center;\" data-id=\"e9b01e9\" data-element_type=\"widget\" data-widget_type=\"spacer.default\"><div class=\"elementor-spacer\"><div class=\"elementor-spacer-inner\">\u00a0<\/div><\/div><\/div><div class=\"elementor-element elementor-element-9a8a397 sc_fly_static elementor-widget elementor-widget-text-editor trx_addons_parallax_layers_inited trx_addons_parallax_blocks_inited\" data-id=\"9a8a397\" data-element_type=\"widget\" data-widget_type=\"text-editor.default\"><p style=\"text-align: center;\" data-start=\"379\" data-end=\"556\"><strong data-start=\"379\" data-end=\"556\">Sie k\u00f6nnen Ihren Termin \u00fcber den Kalender buchen oder uns direkt telefonisch oder per WhatsApp kontaktieren. Sie k\u00f6nnen uns auch per E-Mail unter folgender Adresse erreichen<\/strong><\/p><\/div>\t\t\t\t\t\t\t\t<\/div>\n\t\t\t\t<div class=\"elementor-element elementor-element-47bf227 sc_height_small sc_fly_static elementor-widget elementor-widget-spacer\" data-id=\"47bf227\" data-element_type=\"widget\" data-e-type=\"widget\" data-widget_type=\"spacer.default\">\n\t\t\t\t\t\t\t<div class=\"elementor-spacer\">\n\t\t\t<div class=\"elementor-spacer-inner\"><\/div>\n\t\t<\/div>\n\t\t\t\t\t\t<\/div>\n\t\t\t\t<div class=\"elementor-element elementor-element-038af2a extra_hover sc_fly_static elementor-widget elementor-widget-trx_sc_icons\" data-id=\"038af2a\" data-element_type=\"widget\" data-e-type=\"widget\" data-widget_type=\"trx_sc_icons.default\">\n\t\t\t\t<div class=\"elementor-widget-container\">\n\t\t\t\t\t<div \tclass=\"sc_icons sc_icons_number sc_icons_size_small sc_align_center\" ><div class=\"sc_icons_columns_wrap sc_item_columns trx_addons_columns_wrap columns_padding_bottom columns_in_single_row\" ><div class=\"trx_addons_column-1_2 trx_addons_column-1_2-tablet\"><div class=\"sc_icons_item sc_icons_item_linked\"><span class=\"sc_icons_item_number\">01<\/span>                <div class=\"sc_icons_item_header\"><div class=\"sc_icons_icon sc_icon_type_ icon-mail\" ><span class=\"sc_icon_type_ icon-mail\"><\/span><\/div><h4 class=\"sc_icons_item_title\"><a href=\"mailto:rejestracja@asdentstudio.com\">\n                                rejestracja@asdentstudio.com                                <\/a><\/h4><\/div><div class=\"sc_icons_item_details\"><a href=\"mailto:rejestracja@asdentstudio.com\"\n                        class=\"sc_icons_item_link\">\n                        <\/a><\/div><\/div><\/div><div class=\"trx_addons_column-1_2 trx_addons_column-1_2-tablet\"><div class=\"sc_icons_item sc_icons_item_linked\"><span class=\"sc_icons_item_number\">02<\/span>                <div class=\"sc_icons_item_header\"><div class=\"sc_icons_icon sc_icon_type_ icon-home-2\" ><span class=\"sc_icon_type_ icon-home-2\"><\/span><\/div><h4 class=\"sc_icons_item_title\"><a href=\"https:\/\/maps.app.goo.gl\/BzvCzK62j4kXXh8H9?g_st=iw\">\n                                Rybacka 32A, 59-800 Luba\u0144, Poland                                <\/a><\/h4><\/div><div class=\"sc_icons_item_details\"><a href=\"https:\/\/maps.app.goo.gl\/BzvCzK62j4kXXh8H9?g_st=iw\"\n                        class=\"sc_icons_item_link\">\n                        <\/a><\/div><\/div><\/div><\/div><\/div><!-- \/.sc_icons -->\t\t\t\t<\/div>\n\t\t\t\t<\/div>\n\t\t\t\t<div class=\"elementor-element elementor-element-984e6c0 extra_hover sc_fly_static elementor-widget elementor-widget-trx_sc_icons\" data-id=\"984e6c0\" data-element_type=\"widget\" data-e-type=\"widget\" data-widget_type=\"trx_sc_icons.default\">\n\t\t\t\t<div class=\"elementor-widget-container\">\n\t\t\t\t\t<div \tclass=\"sc_icons sc_icons_number sc_icons_size_small sc_align_center\" ><div class=\"sc_icons_columns_wrap sc_item_columns trx_addons_columns_wrap columns_padding_bottom columns_in_single_row\" ><div class=\"trx_addons_column-1_2 trx_addons_column-1_2-tablet\"><div class=\"sc_icons_item sc_icons_item_linked\"><span class=\"sc_icons_item_number\">01<\/span>                <div class=\"sc_icons_item_header\"><div class=\"sc_icons_icon sc_icon_type_ icon-phone-call\" ><span class=\"sc_icon_type_ icon-phone-call\"><\/span><\/div><h4 class=\"sc_icons_item_title\"><a href=\"tel:+48%20532%20008%20811\">\n                                +48 532 008 811                                <\/a><\/h4><\/div><div class=\"sc_icons_item_details\"><a href=\"tel:+48%20532%20008%20811\"\n                        class=\"sc_icons_item_link\">\n                        <\/a><\/div><\/div><\/div><div class=\"trx_addons_column-1_2 trx_addons_column-1_2-tablet\"><div class=\"sc_icons_item sc_icons_item_linked\"><span class=\"sc_icons_item_number\">02<\/span>                <div class=\"sc_icons_item_header\"><div class=\"sc_icons_icon sc_icon_type_ icon-whatsapp\" ><span class=\"sc_icon_type_ icon-whatsapp\"><\/span><\/div><h4 class=\"sc_icons_item_title\"><a href=\"https:\/\/api.whatsapp.com\/send?phone=48532008811\">\n                                +48 532 008 811                                <\/a><\/h4><\/div><div class=\"sc_icons_item_details\"><a href=\"https:\/\/api.whatsapp.com\/send?phone=48532008811\"\n                        class=\"sc_icons_item_link\">\n                        <\/a><\/div><\/div><\/div><\/div><\/div><!-- \/.sc_icons -->\t\t\t\t<\/div>\n\t\t\t\t<\/div>\n\t\t\t\t<div class=\"elementor-element elementor-element-34f9f7ac sc_height_huge sc_fly_static elementor-widget elementor-widget-spacer\" data-id=\"34f9f7ac\" data-element_type=\"widget\" data-e-type=\"widget\" data-widget_type=\"spacer.default\">\n\t\t\t\t\t\t\t<div class=\"elementor-spacer\">\n\t\t\t<div class=\"elementor-spacer-inner\"><\/div>\n\t\t<\/div>\n\t\t\t\t\t\t<\/div>\n\t\t\t\t<div class=\"elementor-element elementor-element-1bf638d sc_fly_static elementor-widget elementor-widget-spacer\" data-id=\"1bf638d\" data-element_type=\"widget\" data-e-type=\"widget\" data-widget_type=\"spacer.default\">\n\t\t\t\t\t\t\t<div class=\"elementor-spacer\">\n\t\t\t<div class=\"elementor-spacer-inner\"><\/div>\n\t\t<\/div>\n\t\t\t\t\t\t<\/div>\n\t\t\t\t\t<\/div>\n\t\t<\/div>\n\t\t\t\t\t<\/div>\n\t\t<\/section>\n\t\t\t\t<\/div>\n\t\t","protected":false},"excerpt":{"rendered":"<p>Buchen Sie Ihren Termin \u00a0 Sie k\u00f6nnen Ihren Termin \u00fcber den Kalender buchen oder uns direkt telefonisch oder per WhatsApp kontaktieren. Sie k\u00f6nnen uns auch per E-Mail unter folgender Adresse&hellip;<\/p>\n","protected":false},"author":1,"featured_media":0,"parent":0,"menu_order":0,"comment_status":"closed","ping_status":"closed","template":"","meta":{"_monsterinsights_skip_tracking":false,"_monsterinsights_sitenote_active":false,"_monsterinsights_sitenote_note":"","_monsterinsights_sitenote_category":0,"footnotes":""},"class_list":["post-707","page","type-page","status-publish","hentry"],"yoast_head":"<!-- This site is optimized with the Yoast SEO plugin v27.5 - https:\/\/yoast.com\/product\/yoast-seo-wordpress\/ -->\n<title>Termin - AS-Dent Studio Stomatologia Luban<\/title>\n<meta name=\"robots\" content=\"index, follow, max-snippet:-1, max-image-preview:large, max-video-preview:-1\" \/>\n<link rel=\"canonical\" href=\"https:\/\/asdentstudio.com\/de\/termin\/\" \/>\n<meta property=\"og:locale\" content=\"de_DE\" \/>\n<meta property=\"og:type\" content=\"article\" \/>\n<meta property=\"og:title\" content=\"Termin - AS-Dent Studio Stomatologia Luban\" \/>\n<meta property=\"og:description\" content=\"Buchen Sie Ihren Termin \u00a0 Sie k\u00f6nnen Ihren Termin \u00fcber den Kalender buchen oder uns direkt telefonisch oder per WhatsApp kontaktieren. Sie k\u00f6nnen uns auch per E-Mail unter folgender Adresse&hellip;\" \/>\n<meta property=\"og:url\" content=\"https:\/\/asdentstudio.com\/de\/termin\/\" \/>\n<meta property=\"og:site_name\" content=\"AS-Dent Studio Stomatologia Luban\" \/>\n<meta property=\"article:publisher\" content=\"https:\/\/www.facebook.com\/profile.php?id=61586663030972\" \/>\n<meta property=\"article:modified_time\" content=\"2026-01-15T17:07:00+00:00\" \/>\n<meta property=\"og:image\" content=\"https:\/\/asdentstudio.com\/wp-content\/uploads\/2026\/01\/16-scaled.jpg\" \/>\n\t<meta property=\"og:image:width\" content=\"2560\" \/>\n\t<meta property=\"og:image:height\" content=\"1429\" \/>\n\t<meta property=\"og:image:type\" content=\"image\/jpeg\" \/>\n<meta name=\"twitter:card\" content=\"summary_large_image\" \/>\n<meta name=\"twitter:label1\" content=\"Gesch\u00e4tzte Lesezeit\" \/>\n\t<meta name=\"twitter:data1\" content=\"1\u00a0Minute\" \/>\n<script type=\"application\/ld+json\" class=\"yoast-schema-graph\">{\"@context\":\"https:\\\/\\\/schema.org\",\"@graph\":[{\"@type\":\"WebPage\",\"@id\":\"https:\\\/\\\/asdentstudio.com\\\/de\\\/termin\\\/\",\"url\":\"https:\\\/\\\/asdentstudio.com\\\/de\\\/termin\\\/\",\"name\":\"Termin - AS-Dent Studio Stomatologia Luban\",\"isPartOf\":{\"@id\":\"https:\\\/\\\/asdentstudio.com\\\/de\\\/#website\"},\"primaryImageOfPage\":{\"@id\":\"https:\\\/\\\/asdentstudio.com\\\/de\\\/termin\\\/#primaryimage\"},\"image\":{\"@id\":\"https:\\\/\\\/asdentstudio.com\\\/de\\\/termin\\\/#primaryimage\"},\"thumbnailUrl\":\"https:\\\/\\\/asdentstudio.com\\\/wp-content\\\/uploads\\\/2026\\\/01\\\/16-1024x572.jpg\",\"datePublished\":\"2023-01-24T11:37:23+00:00\",\"dateModified\":\"2026-01-15T17:07:00+00:00\",\"breadcrumb\":{\"@id\":\"https:\\\/\\\/asdentstudio.com\\\/de\\\/termin\\\/#breadcrumb\"},\"inLanguage\":\"de\",\"potentialAction\":[{\"@type\":\"ReadAction\",\"target\":[\"https:\\\/\\\/asdentstudio.com\\\/de\\\/termin\\\/\"]}]},{\"@type\":\"ImageObject\",\"inLanguage\":\"de\",\"@id\":\"https:\\\/\\\/asdentstudio.com\\\/de\\\/termin\\\/#primaryimage\",\"url\":\"https:\\\/\\\/asdentstudio.com\\\/wp-content\\\/uploads\\\/2026\\\/01\\\/16-1024x572.jpg\",\"contentUrl\":\"https:\\\/\\\/asdentstudio.com\\\/wp-content\\\/uploads\\\/2026\\\/01\\\/16-1024x572.jpg\"},{\"@type\":\"BreadcrumbList\",\"@id\":\"https:\\\/\\\/asdentstudio.com\\\/de\\\/termin\\\/#breadcrumb\",\"itemListElement\":[{\"@type\":\"ListItem\",\"position\":1,\"name\":\"Home\",\"item\":\"https:\\\/\\\/asdentstudio.com\\\/de\\\/\"},{\"@type\":\"ListItem\",\"position\":2,\"name\":\"Termin\"}]},{\"@type\":\"WebSite\",\"@id\":\"https:\\\/\\\/asdentstudio.com\\\/de\\\/#website\",\"url\":\"https:\\\/\\\/asdentstudio.com\\\/de\\\/\",\"name\":\"Asdentstudio.com\",\"description\":\"Dental Care for Confident Smiles\",\"publisher\":{\"@id\":\"https:\\\/\\\/asdentstudio.com\\\/de\\\/#organization\"},\"potentialAction\":[{\"@type\":\"SearchAction\",\"target\":{\"@type\":\"EntryPoint\",\"urlTemplate\":\"https:\\\/\\\/asdentstudio.com\\\/de\\\/?s={search_term_string}\"},\"query-input\":{\"@type\":\"PropertyValueSpecification\",\"valueRequired\":true,\"valueName\":\"search_term_string\"}}],\"inLanguage\":\"de\"},{\"@type\":\"Organization\",\"@id\":\"https:\\\/\\\/asdentstudio.com\\\/de\\\/#organization\",\"name\":\"Asdentstudio.com\",\"url\":\"https:\\\/\\\/asdentstudio.com\\\/de\\\/\",\"logo\":{\"@type\":\"ImageObject\",\"inLanguage\":\"de\",\"@id\":\"https:\\\/\\\/asdentstudio.com\\\/de\\\/#\\\/schema\\\/logo\\\/image\\\/\",\"url\":\"https:\\\/\\\/asdentstudio.com\\\/wp-content\\\/uploads\\\/2026\\\/01\\\/AsDent-logo-scaled.png\",\"contentUrl\":\"https:\\\/\\\/asdentstudio.com\\\/wp-content\\\/uploads\\\/2026\\\/01\\\/AsDent-logo-scaled.png\",\"width\":2560,\"height\":2560,\"caption\":\"Asdentstudio.com\"},\"image\":{\"@id\":\"https:\\\/\\\/asdentstudio.com\\\/de\\\/#\\\/schema\\\/logo\\\/image\\\/\"},\"sameAs\":[\"https:\\\/\\\/www.facebook.com\\\/profile.php?id=61586663030972\",\"https:\\\/\\\/www.instagram.com\\\/asdentstudio\"]}]}<\/script>\n<!-- \/ Yoast SEO plugin. -->","yoast_head_json":{"title":"Termin - AS-Dent Studio Stomatologia Luban","robots":{"index":"index","follow":"follow","max-snippet":"max-snippet:-1","max-image-preview":"max-image-preview:large","max-video-preview":"max-video-preview:-1"},"canonical":"https:\/\/asdentstudio.com\/de\/termin\/","og_locale":"de_DE","og_type":"article","og_title":"Termin - AS-Dent Studio Stomatologia Luban","og_description":"Buchen Sie Ihren Termin \u00a0 Sie k\u00f6nnen Ihren Termin \u00fcber den Kalender buchen oder uns direkt telefonisch oder per WhatsApp kontaktieren. Sie k\u00f6nnen uns auch per E-Mail unter folgender Adresse&hellip;","og_url":"https:\/\/asdentstudio.com\/de\/termin\/","og_site_name":"AS-Dent Studio Stomatologia Luban","article_publisher":"https:\/\/www.facebook.com\/profile.php?id=61586663030972","article_modified_time":"2026-01-15T17:07:00+00:00","og_image":[{"width":2560,"height":1429,"url":"https:\/\/asdentstudio.com\/wp-content\/uploads\/2026\/01\/16-scaled.jpg","type":"image\/jpeg"}],"twitter_card":"summary_large_image","twitter_misc":{"Gesch\u00e4tzte Lesezeit":"1\u00a0Minute"},"schema":{"@context":"https:\/\/schema.org","@graph":[{"@type":"WebPage","@id":"https:\/\/asdentstudio.com\/de\/termin\/","url":"https:\/\/asdentstudio.com\/de\/termin\/","name":"Termin - AS-Dent Studio Stomatologia Luban","isPartOf":{"@id":"https:\/\/asdentstudio.com\/de\/#website"},"primaryImageOfPage":{"@id":"https:\/\/asdentstudio.com\/de\/termin\/#primaryimage"},"image":{"@id":"https:\/\/asdentstudio.com\/de\/termin\/#primaryimage"},"thumbnailUrl":"https:\/\/asdentstudio.com\/wp-content\/uploads\/2026\/01\/16-1024x572.jpg","datePublished":"2023-01-24T11:37:23+00:00","dateModified":"2026-01-15T17:07:00+00:00","breadcrumb":{"@id":"https:\/\/asdentstudio.com\/de\/termin\/#breadcrumb"},"inLanguage":"de","potentialAction":[{"@type":"ReadAction","target":["https:\/\/asdentstudio.com\/de\/termin\/"]}]},{"@type":"ImageObject","inLanguage":"de","@id":"https:\/\/asdentstudio.com\/de\/termin\/#primaryimage","url":"https:\/\/asdentstudio.com\/wp-content\/uploads\/2026\/01\/16-1024x572.jpg","contentUrl":"https:\/\/asdentstudio.com\/wp-content\/uploads\/2026\/01\/16-1024x572.jpg"},{"@type":"BreadcrumbList","@id":"https:\/\/asdentstudio.com\/de\/termin\/#breadcrumb","itemListElement":[{"@type":"ListItem","position":1,"name":"Home","item":"https:\/\/asdentstudio.com\/de\/"},{"@type":"ListItem","position":2,"name":"Termin"}]},{"@type":"WebSite","@id":"https:\/\/asdentstudio.com\/de\/#website","url":"https:\/\/asdentstudio.com\/de\/","name":"Asdentstudio.com","description":"Dental Care for Confident Smiles","publisher":{"@id":"https:\/\/asdentstudio.com\/de\/#organization"},"potentialAction":[{"@type":"SearchAction","target":{"@type":"EntryPoint","urlTemplate":"https:\/\/asdentstudio.com\/de\/?s={search_term_string}"},"query-input":{"@type":"PropertyValueSpecification","valueRequired":true,"valueName":"search_term_string"}}],"inLanguage":"de"},{"@type":"Organization","@id":"https:\/\/asdentstudio.com\/de\/#organization","name":"Asdentstudio.com","url":"https:\/\/asdentstudio.com\/de\/","logo":{"@type":"ImageObject","inLanguage":"de","@id":"https:\/\/asdentstudio.com\/de\/#\/schema\/logo\/image\/","url":"https:\/\/asdentstudio.com\/wp-content\/uploads\/2026\/01\/AsDent-logo-scaled.png","contentUrl":"https:\/\/asdentstudio.com\/wp-content\/uploads\/2026\/01\/AsDent-logo-scaled.png","width":2560,"height":2560,"caption":"Asdentstudio.com"},"image":{"@id":"https:\/\/asdentstudio.com\/de\/#\/schema\/logo\/image\/"},"sameAs":["https:\/\/www.facebook.com\/profile.php?id=61586663030972","https:\/\/www.instagram.com\/asdentstudio"]}]}},"_links":{"self":[{"href":"https:\/\/asdentstudio.com\/de\/wp-json\/wp\/v2\/pages\/707","targetHints":{"allow":["GET"]}}],"collection":[{"href":"https:\/\/asdentstudio.com\/de\/wp-json\/wp\/v2\/pages"}],"about":[{"href":"https:\/\/asdentstudio.com\/de\/wp-json\/wp\/v2\/types\/page"}],"author":[{"embeddable":true,"href":"https:\/\/asdentstudio.com\/de\/wp-json\/wp\/v2\/users\/1"}],"replies":[{"embeddable":true,"href":"https:\/\/asdentstudio.com\/de\/wp-json\/wp\/v2\/comments?post=707"}],"version-history":[{"count":6,"href":"https:\/\/asdentstudio.com\/de\/wp-json\/wp\/v2\/pages\/707\/revisions"}],"predecessor-version":[{"id":956,"href":"https:\/\/asdentstudio.com\/de\/wp-json\/wp\/v2\/pages\/707\/revisions\/956"}],"wp:attachment":[{"href":"https:\/\/asdentstudio.com\/de\/wp-json\/wp\/v2\/media?parent=707"}],"curies":[{"name":"wp","href":"https:\/\/api.w.org\/{rel}","templated":true}]}}